{"id":371,"date":"2019-03-16T15:50:46","date_gmt":"2019-03-16T15:50:46","guid":{"rendered":"https:\/\/industrial.rs\/spa\/"},"modified":"2019-09-11T01:02:26","modified_gmt":"2019-09-10T23:02:26","slug":"spa","status":"publish","type":"page","link":"https:\/\/industrial.rs\/en\/spa\/","title":{"rendered":"Spa"},"content":{"rendered":"<p><div class=\"fusion-fullwidth fullwidth-box fusion-blend-mode nonhundred-percent-fullwidth non-hundred-percent-height-scrolling\"  style='background-color: rgba(255,255,255,0.9);background-position: center center;background-repeat: repeat;padding-top:0px;padding-right:0px;padding-bottom:0px;padding-left:0px;'><div class=\"fusion-builder-row fusion-row \"><div  class=\"fusion-layout-column fusion_builder_column fusion_builder_column_1_1  fusion-one-full fusion-column-first fusion-column-last 1_1\"  style='margin-top:0px;margin-bottom:20px;'>\n\t\t\t\t\t<div class=\"fusion-column-wrapper\" style=\"padding: 0px 0px 0px 0px;background-position:left top;background-repeat:no-repeat;-webkit-background-size:cover;-moz-background-size:cover;-o-background-size:cover;background-size:cover;\"  data-bg-url=\"\">\n\t\t\t\t\t\t<div class=\"fusion-title title fusion-title-center fusion-title-size-one\" style=\"margin-top:31px;margin-bottom:31px;\"><div class=\"title-sep-container title-sep-container-left\"><div class=\"title-sep sep-double\" style=\"border-color:#333333;\"><\/div><\/div><h1 class=\"title-heading-center\">Spa centar<\/h1><div class=\"title-sep-container title-sep-container-right\"><div class=\"title-sep sep-double\" style=\"border-color:#333333;\"><\/div><\/div><\/div><div class=\"fusion-clearfix\"><\/div>\n\n\t\t\t\t\t<\/div>\n\t\t\t\t<\/div><\/div><\/div><div class=\"fusion-fullwidth fullwidth-box fusion-blend-mode faded-background fusion-parallax-none naslovna-boksovi hundred-percent-fullwidth non-hundred-percent-height-scrolling fusion-equal-height-columns\"  style='background-position: center center;background-repeat: no-repeat;-webkit-background-size:cover;-moz-background-size:cover;-o-background-size:cover;background-size:cover;'><div class=\"fullwidth-faded\" style=\"background-color:rgba(255,255,255,0.8);background-image: url(https:\/\/media.industrial.rs\/2018\/12\/industrial_12.jpg);background-position:center center;background-repeat:no-repeat;-webkit-background-size:cover;-moz-background-size:cover;-o-background-size:cover;background-size:cover;\"><\/div><div class=\"fusion-builder-row fusion-row \"><div  class=\"fusion-layout-column fusion_builder_column fusion_builder_column_1_4  fusion-one-fourth fusion-column-first 1_4\"  style='margin-top:0px;margin-bottom:20px;width:25%;width:calc(25% - ( ( 4% ) * 0.25 ) );margin-right: 4%;'>\n\t\t\t\t\t<div class=\"fusion-column-wrapper\" style=\"padding: 0px 0px 0px 30px;background-position:left top;background-repeat:no-repeat;-webkit-background-size:cover;-moz-background-size:cover;-o-background-size:cover;background-size:cover;\"  data-bg-url=\"\">\n\t\t\t\t\t\t<div class=\"fusion-column-content-centered\"><div class=\"fusion-column-content\"><div class=\"fusion-text\"><p><strong>Spa centar<\/strong> \u2013 zona revolucije opu\u0161tanja je povezana toplom vezom sa hotelom. Ovaj deo za relaksaciju nije samo predodre\u0111en za goste. U na\u0161em predivnom spa centru mo\u0107i \u0107ete da se opustite u bazenu plivaju\u0107i, dok je drugi deo samog bazena u vidu \u0111akuzija sa hidromasa\u017enim topovima. U\u00a0 na\u0161oj ponudi je i potpuni oporavak tela, bilo to u sauni, hamamu ili da se jednostavo prepustite ve\u0161tim rukama na\u0161ih masera.\u00a0 Prilagodili smo spa centar i potrebama leta, pa se ova zona pretvara u otvorenu oazu mira.<\/p>\n<\/div><\/div><\/div><div class=\"fusion-clearfix\"><\/div>\n\n\t\t\t\t\t<\/div>\n\t\t\t\t<\/div><div  class=\"fusion-layout-column fusion_builder_column fusion_builder_column_3_4  fusion-three-fourth fusion-column-last fusion-column-inner-bg-wrapper 3_4\"  style='margin-top:0px;margin-bottom:20px;width:75%;width:calc(75% - ( ( 4% ) * 0.75 ) );'>\n\t\t\t\t\t<div class=\"fusion-column-wrapper\" style=\"padding: 0px 0px 0px 0px;\" data-bg-url=\"https:\/\/media.industrial.rs\/2018\/06\/spa-4a.jpg\">\n\t\t\t\t\t\t\n\t\t\t<!-- START spa REVOLUTION SLIDER 6.7.23 --><p class=\"rs-p-wp-fix\"><\/p>\n\t\t\t<rs-module-wrap id=\"rev_slider_1_1_wrapper\" data-source=\"gallery\" style=\"visibility:hidden;background:transparent;padding:0;margin:0px auto;margin-top:0;margin-bottom:0;\">\n\t\t\t\t<rs-module id=\"rev_slider_1_1\" style=\"\" data-version=\"6.7.23\">\n\t\t\t\t\t<rs-slides style=\"overflow: hidden; position: absolute;\">\n\t\t\t\t\t\t<rs-slide style=\"position: absolute;\" data-key=\"rs-2\" data-title=\"Slide\" data-thumb=\"\/\/media.industrial.rs\/2018\/06\/spa-1-Large-100x50.jpg\" data-anim=\"adpr:false;\">\n\t\t\t\t\t\t\t<img decoding=\"async\" src=\"\/\/industrial.rs\/wp-content\/plugins\/revslider\/sr6\/assets\/assets\/dummy.png\" alt=\"\" title=\"spa 1 (Large)\" width=\"200\" height=\"150\" class=\"rev-slidebg tp-rs-img rs-lazyload\" data-lazyload=\"\/\/media.industrial.rs\/2018\/06\/spa-1-Large.jpg\" data-no-retina>\n<!---->\t\t\t\t\t<\/rs-slide>\n\t\t\t\t\t\t<rs-slide style=\"position: absolute;\" data-key=\"rs-3\" data-title=\"Slide\" data-thumb=\"\/\/media.industrial.rs\/2018\/06\/spa-2-Large-100x50.jpg\" data-anim=\"adpr:false;\">\n\t\t\t\t\t\t\t<img decoding=\"async\" src=\"\/\/industrial.rs\/wp-content\/plugins\/revslider\/sr6\/assets\/assets\/dummy.png\" alt=\"\" title=\"Spa\" class=\"rev-slidebg tp-rs-img rs-lazyload\" data-lazyload=\"\/\/media.industrial.rs\/2018\/06\/spa-2-Large.jpg\" data-no-retina>\n<!---->\t\t\t\t\t<\/rs-slide>\n\t\t\t\t\t\t<rs-slide style=\"position: absolute;\" data-key=\"rs-4\" data-title=\"Slide\" data-thumb=\"\/\/media.industrial.rs\/2018\/06\/spa-3a-Large-100x50.jpg\" data-anim=\"adpr:false;\">\n\t\t\t\t\t\t\t<img decoding=\"async\" src=\"\/\/industrial.rs\/wp-content\/plugins\/revslider\/sr6\/assets\/assets\/dummy.png\" alt=\"\" title=\"Spa\" class=\"rev-slidebg tp-rs-img rs-lazyload\" data-lazyload=\"\/\/media.industrial.rs\/2018\/06\/spa-3a-Large.jpg\" data-no-retina>\n<!---->\t\t\t\t\t<\/rs-slide>\n\t\t\t\t\t\t<rs-slide style=\"position: absolute;\" data-key=\"rs-5\" data-title=\"Slide\" data-thumb=\"\/\/media.industrial.rs\/2018\/06\/spa-4a-Large-100x50.jpg\" data-anim=\"adpr:false;\">\n\t\t\t\t\t\t\t<img decoding=\"async\" src=\"\/\/industrial.rs\/wp-content\/plugins\/revslider\/sr6\/assets\/assets\/dummy.png\" alt=\"\" title=\"Spa\" class=\"rev-slidebg tp-rs-img rs-lazyload\" data-lazyload=\"\/\/media.industrial.rs\/2018\/06\/spa-4a-Large.jpg\" data-no-retina>\n<!---->\t\t\t\t\t<\/rs-slide>\n\t\t\t\t\t\t<rs-slide style=\"position: absolute;\" data-key=\"rs-6\" data-title=\"Slide\" data-thumb=\"\/\/media.industrial.rs\/2018\/06\/spa-5-Large-100x50.jpg\" data-anim=\"adpr:false;\">\n\t\t\t\t\t\t\t<img decoding=\"async\" src=\"\/\/industrial.rs\/wp-content\/plugins\/revslider\/sr6\/assets\/assets\/dummy.png\" alt=\"\" title=\"Spa\" class=\"rev-slidebg tp-rs-img rs-lazyload\" data-lazyload=\"\/\/media.industrial.rs\/2018\/06\/spa-5-Large.jpg\" data-no-retina>\n<!---->\t\t\t\t\t<\/rs-slide>\n\t\t\t\t\t<\/rs-slides>\n\t\t\t\t<\/rs-module>\n\t\t\t\t<script>\n\t\t\t\t\tsetREVStartSize({c: 'rev_slider_1_1',rl:[1240,1024,778,480],el:[],gw:[1240],gh:[600],type:'standard',justify:'',layout:'fullwidth',mh:\"0\"});if (window.RS_MODULES!==undefined && window.RS_MODULES.modules!==undefined && window.RS_MODULES.modules[\"revslider11\"]!==undefined) {window.RS_MODULES.modules[\"revslider11\"].once = false;window.revapi1 = undefined;if (window.RS_MODULES.checkMinimal!==undefined) window.RS_MODULES.checkMinimal()}\n\t\t\t\t<\/script>\n\t\t\t<\/rs-module-wrap>\n\t\t\t<!-- END REVOLUTION SLIDER -->\n<div class=\"fusion-clearfix\"><\/div>\n\t\t\t\t\t<\/div>\n\t\t\t\t\t<span class=\"fusion-column-inner-bg hover-type-zoomout\">\n\t\t\t\t\t\t<a  aria-label=\"spa 4a\">\n\t\t\t\t\t\t\t<span class=\"fusion-column-inner-bg-image\" style=\"background-image: url('https:\/\/media.industrial.rs\/2018\/06\/spa-4a.jpg');background-position:center center;background-repeat:no-repeat;-webkit-background-size:cover;-moz-background-size:cover;-o-background-size:cover;background-size:cover;\"><\/span><\/a>\n\t\t\t\t\t<\/span>\n\t\t\t\t<\/div><\/div><\/div><div class=\"fusion-fullwidth fullwidth-box nonhundred-percent-fullwidth non-hundred-percent-height-scrolling\"  style='background-color: rgba(255,255,255,0);background-position: center center;background-repeat: no-repeat;padding-top:0px;padding-right:0px;padding-bottom:0px;padding-left:0px;'><div class=\"fusion-builder-row fusion-row \"><div  class=\"fusion-layout-column fusion_builder_column fusion_builder_column_1_1  fusion-one-full fusion-column-first fusion-column-last 1_1\"  style='margin-top:0px;margin-bottom:20px;'>\n\t\t\t\t\t<div class=\"fusion-column-wrapper\" style=\"padding: 0px 0px 0px 0px;background-position:left top;background-repeat:no-repeat;-webkit-background-size:cover;-moz-background-size:cover;-o-background-size:cover;background-size:cover;\"  data-bg-url=\"\">\n\t\t\t\t\t\t<div class=\"fusion-text\">\n\t\t<style type=\"text\/css\">\n\t\t\t#gallery-1 {\n\t\t\t\tmargin: auto;\n\t\t\t}\n\t\t\t#gallery-1 .gallery-item {\n\t\t\t\tfloat: left;\n\t\t\t\tmargin-top: 10px;\n\t\t\t\ttext-align: center;\n\t\t\t\twidth: 20%;\n\t\t\t}\n\t\t\t#gallery-1 img {\n\t\t\t\tborder: 2px solid #cfcfcf;\n\t\t\t}\n\t\t\t#gallery-1 .gallery-caption {\n\t\t\t\tmargin-left: 0;\n\t\t\t}\n\t\t\t\/* see gallery_shortcode() in wp-includes\/media.php *\/\n\t\t<\/style>\n\t\t<div id='gallery-1' class='gallery galleryid-371 gallery-columns-5 gallery-size-medium'><dl class='gallery-item'>\n\t\t\t<dt class='gallery-icon landscape'>\n\t\t\t\t<a data-rel=\"iLightbox[postimages]\" data-title=\"spa 5 (Large)\" data-caption=\"\" href='https:\/\/media.industrial.rs\/2018\/06\/spa-5-Large.jpg'><img loading=\"lazy\" decoding=\"async\" width=\"300\" height=\"225\" src=\"https:\/\/media.industrial.rs\/2018\/06\/spa-5-Large-300x225.jpg\" class=\"attachment-medium size-medium\" alt=\"\" srcset=\"https:\/\/media.industrial.rs\/2018\/06\/spa-5-Large-200x150.jpg 200w, https:\/\/media.industrial.rs\/2018\/06\/spa-5-Large-300x225.jpg 300w, https:\/\/media.industrial.rs\/2018\/06\/spa-5-Large-400x300.jpg 400w, https:\/\/media.industrial.rs\/2018\/06\/spa-5-Large-600x450.jpg 600w, https:\/\/media.industrial.rs\/2018\/06\/spa-5-Large-768x576.jpg 768w, https:\/\/media.industrial.rs\/2018\/06\/spa-5-Large-800x600.jpg 800w, https:\/\/media.industrial.rs\/2018\/06\/spa-5-Large-1024x768.jpg 1024w, https:\/\/media.industrial.rs\/2018\/06\/spa-5-Large-1200x900.jpg 1200w, https:\/\/media.industrial.rs\/2018\/06\/spa-5-Large.jpg 1440w\" sizes=\"auto, (max-width: 300px) 100vw, 300px\" \/><\/a>\n\t\t\t<\/dt><\/dl><dl class='gallery-item'>\n\t\t\t<dt class='gallery-icon landscape'>\n\t\t\t\t<a data-rel=\"iLightbox[postimages]\" data-title=\"spa 4a (Large)\" data-caption=\"\" href='https:\/\/media.industrial.rs\/2018\/06\/spa-4a-Large.jpg'><img loading=\"lazy\" decoding=\"async\" width=\"300\" height=\"225\" src=\"https:\/\/media.industrial.rs\/2018\/06\/spa-4a-Large-300x225.jpg\" class=\"attachment-medium size-medium\" alt=\"\" srcset=\"https:\/\/media.industrial.rs\/2018\/06\/spa-4a-Large-200x150.jpg 200w, https:\/\/media.industrial.rs\/2018\/06\/spa-4a-Large-300x225.jpg 300w, https:\/\/media.industrial.rs\/2018\/06\/spa-4a-Large-400x300.jpg 400w, https:\/\/media.industrial.rs\/2018\/06\/spa-4a-Large-600x450.jpg 600w, https:\/\/media.industrial.rs\/2018\/06\/spa-4a-Large-768x576.jpg 768w, https:\/\/media.industrial.rs\/2018\/06\/spa-4a-Large-800x600.jpg 800w, https:\/\/media.industrial.rs\/2018\/06\/spa-4a-Large-1024x768.jpg 1024w, https:\/\/media.industrial.rs\/2018\/06\/spa-4a-Large-1200x900.jpg 1200w, https:\/\/media.industrial.rs\/2018\/06\/spa-4a-Large.jpg 1440w\" sizes=\"auto, (max-width: 300px) 100vw, 300px\" \/><\/a>\n\t\t\t<\/dt><\/dl><dl class='gallery-item'>\n\t\t\t<dt class='gallery-icon landscape'>\n\t\t\t\t<a data-rel=\"iLightbox[postimages]\" data-title=\"spa 3a (Large)\" data-caption=\"\" href='https:\/\/media.industrial.rs\/2018\/06\/spa-3a-Large.jpg'><img loading=\"lazy\" decoding=\"async\" width=\"300\" height=\"225\" src=\"https:\/\/media.industrial.rs\/2018\/06\/spa-3a-Large-300x225.jpg\" class=\"attachment-medium size-medium\" alt=\"\" srcset=\"https:\/\/media.industrial.rs\/2018\/06\/spa-3a-Large-200x150.jpg 200w, https:\/\/media.industrial.rs\/2018\/06\/spa-3a-Large-300x225.jpg 300w, https:\/\/media.industrial.rs\/2018\/06\/spa-3a-Large-400x300.jpg 400w, https:\/\/media.industrial.rs\/2018\/06\/spa-3a-Large-600x450.jpg 600w, https:\/\/media.industrial.rs\/2018\/06\/spa-3a-Large-768x576.jpg 768w, https:\/\/media.industrial.rs\/2018\/06\/spa-3a-Large-800x600.jpg 800w, https:\/\/media.industrial.rs\/2018\/06\/spa-3a-Large-1024x768.jpg 1024w, https:\/\/media.industrial.rs\/2018\/06\/spa-3a-Large-1200x900.jpg 1200w, https:\/\/media.industrial.rs\/2018\/06\/spa-3a-Large.jpg 1440w\" sizes=\"auto, (max-width: 300px) 100vw, 300px\" \/><\/a>\n\t\t\t<\/dt><\/dl><dl class='gallery-item'>\n\t\t\t<dt class='gallery-icon landscape'>\n\t\t\t\t<a data-rel=\"iLightbox[postimages]\" data-title=\"spa 1 (Large)\" data-caption=\"\" href='https:\/\/media.industrial.rs\/2018\/06\/spa-1-Large.jpg'><img loading=\"lazy\" decoding=\"async\" width=\"300\" height=\"225\" src=\"https:\/\/media.industrial.rs\/2018\/06\/spa-1-Large-300x225.jpg\" class=\"attachment-medium size-medium\" alt=\"\" srcset=\"https:\/\/media.industrial.rs\/2018\/06\/spa-1-Large-200x150.jpg 200w, https:\/\/media.industrial.rs\/2018\/06\/spa-1-Large-300x225.jpg 300w, https:\/\/media.industrial.rs\/2018\/06\/spa-1-Large-400x300.jpg 400w, https:\/\/media.industrial.rs\/2018\/06\/spa-1-Large-600x450.jpg 600w, https:\/\/media.industrial.rs\/2018\/06\/spa-1-Large-768x576.jpg 768w, https:\/\/media.industrial.rs\/2018\/06\/spa-1-Large-800x600.jpg 800w, https:\/\/media.industrial.rs\/2018\/06\/spa-1-Large-1024x768.jpg 1024w, https:\/\/media.industrial.rs\/2018\/06\/spa-1-Large-1200x900.jpg 1200w, https:\/\/media.industrial.rs\/2018\/06\/spa-1-Large.jpg 1440w\" sizes=\"auto, (max-width: 300px) 100vw, 300px\" \/><\/a>\n\t\t\t<\/dt><\/dl><dl class='gallery-item'>\n\t\t\t<dt class='gallery-icon landscape'>\n\t\t\t\t<a data-rel=\"iLightbox[postimages]\" data-title=\"spa 2 (Large)\" data-caption=\"\" href='https:\/\/media.industrial.rs\/2018\/06\/spa-2-Large.jpg'><img loading=\"lazy\" decoding=\"async\" width=\"300\" height=\"225\" src=\"https:\/\/media.industrial.rs\/2018\/06\/spa-2-Large-300x225.jpg\" class=\"attachment-medium size-medium\" alt=\"\" srcset=\"https:\/\/media.industrial.rs\/2018\/06\/spa-2-Large-200x150.jpg 200w, https:\/\/media.industrial.rs\/2018\/06\/spa-2-Large-300x225.jpg 300w, https:\/\/media.industrial.rs\/2018\/06\/spa-2-Large-400x300.jpg 400w, https:\/\/media.industrial.rs\/2018\/06\/spa-2-Large-600x450.jpg 600w, https:\/\/media.industrial.rs\/2018\/06\/spa-2-Large-768x576.jpg 768w, https:\/\/media.industrial.rs\/2018\/06\/spa-2-Large-800x600.jpg 800w, https:\/\/media.industrial.rs\/2018\/06\/spa-2-Large-1024x768.jpg 1024w, https:\/\/media.industrial.rs\/2018\/06\/spa-2-Large-1200x900.jpg 1200w, https:\/\/media.industrial.rs\/2018\/06\/spa-2-Large.jpg 1440w\" sizes=\"auto, (max-width: 300px) 100vw, 300px\" \/><\/a>\n\t\t\t<\/dt><\/dl><br style=\"clear: both\" \/>\n\t\t<\/div>\n\n<\/div><div class=\"fusion-clearfix\"><\/div>\n\n\t\t\t\t\t<\/div>\n\t\t\t\t<\/div><\/div><\/div><\/p>\n","protected":false},"excerpt":{"rendered":"","protected":false},"author":1,"featured_media":0,"parent":0,"menu_order":0,"comment_status":"closed","ping_status":"closed","template":"100-width.php","meta":{"_acf_changed":false,"footnotes":""},"class_list":["post-371","page","type-page","status-publish","hentry"],"acf":[],"yoast_head":"<!-- This site is optimized with the Yoast SEO plugin v23.9 - https:\/\/yoast.com\/wordpress\/plugins\/seo\/ -->\n<title>Spa - Hotel Industrial 1853<\/title>\n<meta name=\"robots\" content=\"index, follow, max-snippet:-1, max-image-preview:large, max-video-preview:-1\" \/>\n<link rel=\"canonical\" href=\"https:\/\/industrial.rs\/en\/spa\/\" \/>\n<meta property=\"og:locale\" content=\"en_US\" \/>\n<meta property=\"og:type\" content=\"article\" \/>\n<meta property=\"og:title\" content=\"Spa - Hotel Industrial 1853\" \/>\n<meta property=\"og:url\" content=\"https:\/\/industrial.rs\/en\/spa\/\" \/>\n<meta property=\"og:site_name\" content=\"Hotel Industrial 1853\" \/>\n<meta property=\"article:publisher\" content=\"https:\/\/www.facebook.com\/industrialhotel\/\" \/>\n<meta property=\"article:modified_time\" content=\"2019-09-10T23:02:26+00:00\" \/>\n<meta name=\"twitter:card\" content=\"summary_large_image\" \/>\n<meta name=\"twitter:label1\" content=\"Est. reading time\" \/>\n\t<meta name=\"twitter:data1\" content=\"4 minutes\" \/>\n<script type=\"application\/ld+json\" class=\"yoast-schema-graph\">{\"@context\":\"https:\/\/schema.org\",\"@graph\":[{\"@type\":\"WebPage\",\"@id\":\"https:\/\/industrial.rs\/en\/spa\/\",\"url\":\"https:\/\/industrial.rs\/en\/spa\/\",\"name\":\"Spa - Hotel Industrial 1853\",\"isPartOf\":{\"@id\":\"https:\/\/industrial.rs\/#website\"},\"datePublished\":\"2019-03-16T15:50:46+00:00\",\"dateModified\":\"2019-09-10T23:02:26+00:00\",\"breadcrumb\":{\"@id\":\"https:\/\/industrial.rs\/en\/spa\/#breadcrumb\"},\"inLanguage\":\"en-US\",\"potentialAction\":[{\"@type\":\"ReadAction\",\"target\":[\"https:\/\/industrial.rs\/en\/spa\/\"]}]},{\"@type\":\"BreadcrumbList\",\"@id\":\"https:\/\/industrial.rs\/en\/spa\/#breadcrumb\",\"itemListElement\":[{\"@type\":\"ListItem\",\"position\":1,\"name\":\"Home\",\"item\":\"https:\/\/industrial.rs\/en\/\"},{\"@type\":\"ListItem\",\"position\":2,\"name\":\"Spa\"}]},{\"@type\":\"WebSite\",\"@id\":\"https:\/\/industrial.rs\/#website\",\"url\":\"https:\/\/industrial.rs\/\",\"name\":\"Hotel Industrial 1853\",\"description\":\"\",\"publisher\":{\"@id\":\"https:\/\/industrial.rs\/#organization\"},\"potentialAction\":[{\"@type\":\"SearchAction\",\"target\":{\"@type\":\"EntryPoint\",\"urlTemplate\":\"https:\/\/industrial.rs\/?s={search_term_string}\"},\"query-input\":{\"@type\":\"PropertyValueSpecification\",\"valueRequired\":true,\"valueName\":\"search_term_string\"}}],\"inLanguage\":\"en-US\"},{\"@type\":\"Organization\",\"@id\":\"https:\/\/industrial.rs\/#organization\",\"name\":\"Industrial 1853\",\"url\":\"https:\/\/industrial.rs\/\",\"logo\":{\"@type\":\"ImageObject\",\"inLanguage\":\"en-US\",\"@id\":\"https:\/\/industrial.rs\/#\/schema\/logo\/image\/\",\"url\":\"https:\/\/media.industrial.rs\/2019\/02\/industrial_novi-logo.png\",\"contentUrl\":\"https:\/\/media.industrial.rs\/2019\/02\/industrial_novi-logo.png\",\"width\":300,\"height\":126,\"caption\":\"Industrial 1853\"},\"image\":{\"@id\":\"https:\/\/industrial.rs\/#\/schema\/logo\/image\/\"},\"sameAs\":[\"https:\/\/www.facebook.com\/industrialhotel\/\",\"https:\/\/www.instagram.com\/hotel_industrial_official\/\"]}]}<\/script>\n<!-- \/ Yoast SEO plugin. -->","yoast_head_json":{"title":"Spa - Hotel Industrial 1853","robots":{"index":"index","follow":"follow","max-snippet":"max-snippet:-1","max-image-preview":"max-image-preview:large","max-video-preview":"max-video-preview:-1"},"canonical":"https:\/\/industrial.rs\/en\/spa\/","og_locale":"en_US","og_type":"article","og_title":"Spa - Hotel Industrial 1853","og_url":"https:\/\/industrial.rs\/en\/spa\/","og_site_name":"Hotel Industrial 1853","article_publisher":"https:\/\/www.facebook.com\/industrialhotel\/","article_modified_time":"2019-09-10T23:02:26+00:00","twitter_card":"summary_large_image","twitter_misc":{"Est. reading time":"4 minutes"},"schema":{"@context":"https:\/\/schema.org","@graph":[{"@type":"WebPage","@id":"https:\/\/industrial.rs\/en\/spa\/","url":"https:\/\/industrial.rs\/en\/spa\/","name":"Spa - Hotel Industrial 1853","isPartOf":{"@id":"https:\/\/industrial.rs\/#website"},"datePublished":"2019-03-16T15:50:46+00:00","dateModified":"2019-09-10T23:02:26+00:00","breadcrumb":{"@id":"https:\/\/industrial.rs\/en\/spa\/#breadcrumb"},"inLanguage":"en-US","potentialAction":[{"@type":"ReadAction","target":["https:\/\/industrial.rs\/en\/spa\/"]}]},{"@type":"BreadcrumbList","@id":"https:\/\/industrial.rs\/en\/spa\/#breadcrumb","itemListElement":[{"@type":"ListItem","position":1,"name":"Home","item":"https:\/\/industrial.rs\/en\/"},{"@type":"ListItem","position":2,"name":"Spa"}]},{"@type":"WebSite","@id":"https:\/\/industrial.rs\/#website","url":"https:\/\/industrial.rs\/","name":"Hotel Industrial 1853","description":"","publisher":{"@id":"https:\/\/industrial.rs\/#organization"},"potentialAction":[{"@type":"SearchAction","target":{"@type":"EntryPoint","urlTemplate":"https:\/\/industrial.rs\/?s={search_term_string}"},"query-input":{"@type":"PropertyValueSpecification","valueRequired":true,"valueName":"search_term_string"}}],"inLanguage":"en-US"},{"@type":"Organization","@id":"https:\/\/industrial.rs\/#organization","name":"Industrial 1853","url":"https:\/\/industrial.rs\/","logo":{"@type":"ImageObject","inLanguage":"en-US","@id":"https:\/\/industrial.rs\/#\/schema\/logo\/image\/","url":"https:\/\/media.industrial.rs\/2019\/02\/industrial_novi-logo.png","contentUrl":"https:\/\/media.industrial.rs\/2019\/02\/industrial_novi-logo.png","width":300,"height":126,"caption":"Industrial 1853"},"image":{"@id":"https:\/\/industrial.rs\/#\/schema\/logo\/image\/"},"sameAs":["https:\/\/www.facebook.com\/industrialhotel\/","https:\/\/www.instagram.com\/hotel_industrial_official\/"]}]}},"_links":{"self":[{"href":"https:\/\/industrial.rs\/en\/wp-json\/wp\/v2\/pages\/371","targetHints":{"allow":["GET"]}}],"collection":[{"href":"https:\/\/industrial.rs\/en\/wp-json\/wp\/v2\/pages"}],"about":[{"href":"https:\/\/industrial.rs\/en\/wp-json\/wp\/v2\/types\/page"}],"author":[{"embeddable":true,"href":"https:\/\/industrial.rs\/en\/wp-json\/wp\/v2\/users\/1"}],"replies":[{"embeddable":true,"href":"https:\/\/industrial.rs\/en\/wp-json\/wp\/v2\/comments?post=371"}],"version-history":[{"count":4,"href":"https:\/\/industrial.rs\/en\/wp-json\/wp\/v2\/pages\/371\/revisions"}],"predecessor-version":[{"id":646,"href":"https:\/\/industrial.rs\/en\/wp-json\/wp\/v2\/pages\/371\/revisions\/646"}],"wp:attachment":[{"href":"https:\/\/industrial.rs\/en\/wp-json\/wp\/v2\/media?parent=371"}],"curies":[{"name":"wp","href":"https:\/\/api.w.org\/{rel}","templated":true}]}}